{"id":582,"date":"2023-06-05T17:29:47","date_gmt":"2023-06-05T17:29:47","guid":{"rendered":"https:\/\/javiercordobaart.com\/?page_id=582"},"modified":"2023-08-03T10:36:05","modified_gmt":"2023-08-03T10:36:05","slug":"listado-obras","status":"publish","type":"page","link":"https:\/\/javiercordobaart.com\/en\/listado-obras\/","title":{"rendered":"Listado Obras"},"content":{"rendered":"<div data-elementor-type=\"wp-page\" data-elementor-id=\"582\" class=\"elementor elementor-582\" data-elementor-post-type=\"page\">\n\t\t\t\t\t\t<section class=\"elementor-section elementor-top-section elementor-element elementor-element-de5f412 elementor-section-boxed elementor-section-height-default elementor-section-height-default\" data-id=\"de5f412\" data-element_type=\"section\" data-e-type=\"section\">\n\t\t\t\t\t\t<div class=\"elementor-container elementor-column-gap-default\">\n\t\t\t\t\t<div class=\"elementor-column elementor-col-50 elementor-top-column elementor-element elementor-element-8927409\" data-id=\"8927409\" data-element_type=\"column\" data-e-type=\"column\">\n\t\t\t<div class=\"elementor-widget-wrap elementor-element-populated\">\n\t\t\t\t\t\t<div class=\"elementor-element elementor-element-336c941 elementor--h-position-left elementor--v-position-bottom elementor-widget__width-initial elementor-arrows-position-inside elementor-pagination-position-inside elementor-widget elementor-widget-slides\" data-id=\"336c941\" data-element_type=\"widget\" data-e-type=\"widget\" data-settings=\"{&quot;autoplay_speed&quot;:3000,&quot;navigation&quot;:&quot;both&quot;,&quot;autoplay&quot;:&quot;yes&quot;,&quot;pause_on_interaction&quot;:&quot;yes&quot;,&quot;infinite&quot;:&quot;yes&quot;,&quot;transition&quot;:&quot;slide&quot;,&quot;transition_speed&quot;:500}\" data-widget_type=\"slides.default\">\n\t\t\t\t<div class=\"elementor-widget-container\">\n\t\t\t\t\t\t\t\t\t<div class=\"elementor-swiper\">\n\t\t\t\t\t<div class=\"elementor-slides-wrapper elementor-main-swiper swiper\" role=\"region\" aria-roledescription=\"carousel\" aria-label=\"Diapositivas\" dir=\"ltr\" data-animation=\"fadeInRight\">\n\t\t\t\t<div class=\"swiper-wrapper elementor-slides\">\n\t\t\t\t\t\t\t\t\t\t<div class=\"elementor-repeater-item-cfd5309 swiper-slide\" role=\"group\" aria-roledescription=\"slide\"><div class=\"swiper-slide-bg\" role=\"img\" aria-label=\"1\"><\/div><a class=\"swiper-slide-inner\" href=\"https:\/\/javiercordobaart.com\/en\/listado-obras\/obra-personal\/\"><div class=\"swiper-slide-contents\"><div class=\"elementor-slide-heading\">Obra personal<\/div><div  class=\"elementor-button elementor-slide-button elementor-size-sm\">Haz clic aqu\u00ed<\/div><\/div><\/a><\/div><div class=\"elementor-repeater-item-59c7294 swiper-slide\" role=\"group\" aria-roledescription=\"slide\"><div class=\"swiper-slide-bg\" role=\"img\" aria-label=\"caballo BC\"><\/div><a class=\"swiper-slide-inner\" href=\"https:\/\/javiercordobaart.com\/en\/listado-obras\/encargos\/\"><div class=\"swiper-slide-contents\"><div class=\"elementor-slide-heading\">Encargos<\/div><div class=\"elementor-slide-description\">Lorem fistrum por la gloria de mi madre esse jarl aliqua llevame al sircoo.<\/div><div  class=\"elementor-button elementor-slide-button elementor-size-sm\">Haz clic aqu\u00ed<\/div><\/div><\/a><\/div><div class=\"elementor-repeater-item-56d44d8 swiper-slide\" role=\"group\" aria-roledescription=\"slide\"><div class=\"swiper-slide-bg\" role=\"img\" aria-label=\"total gu\u00e1\"><\/div><a class=\"swiper-slide-inner\" href=\"https:\/\/javiercordobaart.com\/en\/listado-obras\/escultura\/\"><div class=\"swiper-slide-contents\"><div class=\"elementor-slide-heading\">Escultura<\/div><div  class=\"elementor-button elementor-slide-button elementor-size-sm\">Haz clic aqu\u00ed<\/div><\/div><\/a><\/div><div class=\"elementor-repeater-item-bc0b616 swiper-slide\" role=\"group\" aria-roledescription=\"slide\"><div class=\"swiper-slide-bg\" role=\"img\" aria-label=\"Mural Taranc\u00f3n Centenario\"><\/div><a class=\"swiper-slide-inner\" href=\"https:\/\/javiercordobaart.com\/en\/listado-obras\/murales\/\"><div class=\"swiper-slide-contents\"><div class=\"elementor-slide-heading\">Murales<\/div><div  class=\"elementor-button elementor-slide-button elementor-size-sm\">Haz clic aqu\u00ed<\/div><\/div><\/a><\/div><div class=\"elementor-repeater-item-a23935f swiper-slide\" role=\"group\" aria-roledescription=\"slide\"><div class=\"swiper-slide-bg\" role=\"img\" aria-label=\"\"><\/div><a class=\"swiper-slide-inner\" href=\"https:\/\/javiercordobaart.com\/en\/listado-obras\/murales\/\"><div class=\"swiper-slide-contents\"><div class=\"elementor-slide-heading\">Conceptual<\/div><div  class=\"elementor-button elementor-slide-button elementor-size-sm\">Haz clic aqu\u00ed<\/div><\/div><\/a><\/div>\t\t\t\t<\/div>\n\t\t\t\t\t\t\t\t\t\t\t\t\t\t\t<div class=\"elementor-swiper-button elementor-swiper-button-prev\" role=\"button\" tabindex=\"0\" aria-label=\"Diapositiva anterior\">\n\t\t\t\t\t\t\t<i aria-hidden=\"true\" class=\"eicon-chevron-left\"><\/i>\t\t\t\t\t\t<\/div>\n\t\t\t\t\t\t<div class=\"elementor-swiper-button elementor-swiper-button-next\" role=\"button\" tabindex=\"0\" aria-label=\"Diapositiva siguiente\">\n\t\t\t\t\t\t\t<i aria-hidden=\"true\" class=\"eicon-chevron-right\"><\/i>\t\t\t\t\t\t<\/div>\n\t\t\t\t\t\t\t\t\t\t\t\t\t\t\t\t<div class=\"swiper-pagination\"><\/div>\n\t\t\t\t\t\t\t\t\t\t\t\t<\/div>\n\t\t\t\t<\/div>\n\t\t\t\t\t\t\t\t<\/div>\n\t\t\t\t<\/div>\n\t\t\t\t\t<\/div>\n\t\t<\/div>\n\t\t\t\t<div class=\"elementor-column elementor-col-50 elementor-top-column elementor-element elementor-element-6613728\" data-id=\"6613728\" data-element_type=\"column\" data-e-type=\"column\">\n\t\t\t<div class=\"elementor-widget-wrap\">\n\t\t\t\t\t\t\t<\/div>\n\t\t<\/div>\n\t\t\t\t\t<\/div>\n\t\t<\/section>\n\t\t\t\t<section class=\"elementor-section elementor-top-section elementor-element elementor-element-d91ba8a elementor-section-boxed elementor-section-height-default elementor-section-height-default\" data-id=\"d91ba8a\" data-element_type=\"section\" data-e-type=\"section\">\n\t\t\t\t\t\t<div class=\"elementor-container elementor-column-gap-default\">\n\t\t\t\t\t<div class=\"elementor-column elementor-col-33 elementor-top-column elementor-element elementor-element-78d27cd\" data-id=\"78d27cd\" data-element_type=\"column\" data-e-type=\"column\">\n\t\t\t<div class=\"elementor-widget-wrap\">\n\t\t\t\t\t\t\t<\/div>\n\t\t<\/div>\n\t\t\t\t<div class=\"elementor-column elementor-col-33 elementor-top-column elementor-element elementor-element-95741f3\" data-id=\"95741f3\" data-element_type=\"column\" data-e-type=\"column\">\n\t\t\t<div class=\"elementor-widget-wrap\">\n\t\t\t\t\t\t\t<\/div>\n\t\t<\/div>\n\t\t\t\t<div class=\"elementor-column elementor-col-33 elementor-top-column elementor-element elementor-element-c695e87\" data-id=\"c695e87\" data-element_type=\"column\" data-e-type=\"column\">\n\t\t\t<div class=\"elementor-widget-wrap\">\n\t\t\t\t\t\t\t<\/div>\n\t\t<\/div>\n\t\t\t\t\t<\/div>\n\t\t<\/section>\n\t\t\t\t<\/div>","protected":false},"excerpt":{"rendered":"<p>Obra personalHaz clic aqu\u00edEncargosLorem fistrum por la gloria de mi madre esse jarl aliqua llevame al sircoo.Haz clic aqu\u00edEsculturaHaz clic aqu\u00edMuralesHaz clic aqu\u00edConceptualHaz clic aqu\u00ed Previous slide Next slide<\/p>","protected":false},"author":1,"featured_media":0,"parent":0,"menu_order":0,"comment_status":"closed","ping_status":"closed","template":"elementor_header_footer","meta":{"footnotes":""},"folder":[],"class_list":["post-582","page","type-page","status-publish","hentry"],"yoast_head":"<!-- This site is optimized with the Yoast SEO plugin v27.1.1 - https:\/\/yoast.com\/product\/yoast-seo-wordpress\/ -->\n<title>Listado Obras - Javier Cordoba Art<\/title>\n<meta name=\"robots\" content=\"index, follow, max-snippet:-1, max-image-preview:large, max-video-preview:-1\" \/>\n<link rel=\"canonical\" href=\"https:\/\/javiercordobaart.com\/en\/listado-obras\/\" \/>\n<meta property=\"og:locale\" content=\"en_GB\" \/>\n<meta property=\"og:type\" content=\"article\" \/>\n<meta property=\"og:title\" content=\"Listado Obras - Javier Cordoba Art\" \/>\n<meta property=\"og:description\" content=\"Obra personalHaz clic aqu\u00edEncargosLorem fistrum por la gloria de mi madre esse jarl aliqua llevame al sircoo.Haz clic aqu\u00edEsculturaHaz clic aqu\u00edMuralesHaz clic aqu\u00edConceptualHaz clic aqu\u00ed Previous slide Next slide\" \/>\n<meta property=\"og:url\" content=\"https:\/\/javiercordobaart.com\/en\/listado-obras\/\" \/>\n<meta property=\"og:site_name\" content=\"Javier Cordoba Art\" \/>\n<meta property=\"article:modified_time\" content=\"2023-08-03T10:36:05+00:00\" \/>\n<meta name=\"twitter:card\" content=\"summary_large_image\" \/>\n<script type=\"application\/ld+json\" class=\"yoast-schema-graph\">{\"@context\":\"https:\/\/schema.org\",\"@graph\":[{\"@type\":\"WebPage\",\"@id\":\"https:\/\/javiercordobaart.com\/listado-obras\/\",\"url\":\"https:\/\/javiercordobaart.com\/listado-obras\/\",\"name\":\"Listado Obras - Javier Cordoba Art\",\"isPartOf\":{\"@id\":\"https:\/\/javiercordobaart.com\/en\/#website\"},\"datePublished\":\"2023-06-05T17:29:47+00:00\",\"dateModified\":\"2023-08-03T10:36:05+00:00\",\"breadcrumb\":{\"@id\":\"https:\/\/javiercordobaart.com\/listado-obras\/#breadcrumb\"},\"inLanguage\":\"en-GB\",\"potentialAction\":[{\"@type\":\"ReadAction\",\"target\":[\"https:\/\/javiercordobaart.com\/listado-obras\/\"]}]},{\"@type\":\"BreadcrumbList\",\"@id\":\"https:\/\/javiercordobaart.com\/listado-obras\/#breadcrumb\",\"itemListElement\":[{\"@type\":\"ListItem\",\"position\":1,\"name\":\"Portada\",\"item\":\"https:\/\/javiercordobaart.com\/en\/\"},{\"@type\":\"ListItem\",\"position\":2,\"name\":\"Listado Obras\"}]},{\"@type\":\"WebSite\",\"@id\":\"https:\/\/javiercordobaart.com\/en\/#website\",\"url\":\"https:\/\/javiercordobaart.com\/en\/\",\"name\":\"Javier Cordoba Art\",\"description\":\"Site tagline\",\"publisher\":{\"@id\":\"https:\/\/javiercordobaart.com\/en\/#\/schema\/person\/0216d514c795459c343c775ae613428d\"},\"potentialAction\":[{\"@type\":\"SearchAction\",\"target\":{\"@type\":\"EntryPoint\",\"urlTemplate\":\"https:\/\/javiercordobaart.com\/en\/?s={search_term_string}\"},\"query-input\":{\"@type\":\"PropertyValueSpecification\",\"valueRequired\":true,\"valueName\":\"search_term_string\"}}],\"inLanguage\":\"en-GB\"},{\"@type\":[\"Person\",\"Organization\"],\"@id\":\"https:\/\/javiercordobaart.com\/en\/#\/schema\/person\/0216d514c795459c343c775ae613428d\",\"name\":\"Javier Cordoba Salto\",\"image\":{\"@type\":\"ImageObject\",\"inLanguage\":\"en-GB\",\"@id\":\"https:\/\/javiercordobaart.com\/en\/#\/schema\/person\/image\/\",\"url\":\"https:\/\/javiercordobaart.com\/wp-content\/uploads\/2023\/04\/cropped-9258b3_8bee9cdb916549ad8b4ce9725ddc1cac.webp\",\"contentUrl\":\"https:\/\/javiercordobaart.com\/wp-content\/uploads\/2023\/04\/cropped-9258b3_8bee9cdb916549ad8b4ce9725ddc1cac.webp\",\"width\":564,\"height\":108,\"caption\":\"Javier Cordoba Salto\"},\"logo\":{\"@id\":\"https:\/\/javiercordobaart.com\/en\/#\/schema\/person\/image\/\"}}]}<\/script>\n<!-- \/ Yoast SEO plugin. -->","yoast_head_json":{"title":"Listado Obras - Javier Cordoba Art","robots":{"index":"index","follow":"follow","max-snippet":"max-snippet:-1","max-image-preview":"max-image-preview:large","max-video-preview":"max-video-preview:-1"},"canonical":"https:\/\/javiercordobaart.com\/en\/listado-obras\/","og_locale":"en_GB","og_type":"article","og_title":"Listado Obras - Javier Cordoba Art","og_description":"Obra personalHaz clic aqu\u00edEncargosLorem fistrum por la gloria de mi madre esse jarl aliqua llevame al sircoo.Haz clic aqu\u00edEsculturaHaz clic aqu\u00edMuralesHaz clic aqu\u00edConceptualHaz clic aqu\u00ed Previous slide Next slide","og_url":"https:\/\/javiercordobaart.com\/en\/listado-obras\/","og_site_name":"Javier Cordoba Art","article_modified_time":"2023-08-03T10:36:05+00:00","twitter_card":"summary_large_image","schema":{"@context":"https:\/\/schema.org","@graph":[{"@type":"WebPage","@id":"https:\/\/javiercordobaart.com\/listado-obras\/","url":"https:\/\/javiercordobaart.com\/listado-obras\/","name":"Listado Obras - Javier Cordoba Art","isPartOf":{"@id":"https:\/\/javiercordobaart.com\/en\/#website"},"datePublished":"2023-06-05T17:29:47+00:00","dateModified":"2023-08-03T10:36:05+00:00","breadcrumb":{"@id":"https:\/\/javiercordobaart.com\/listado-obras\/#breadcrumb"},"inLanguage":"en-GB","potentialAction":[{"@type":"ReadAction","target":["https:\/\/javiercordobaart.com\/listado-obras\/"]}]},{"@type":"BreadcrumbList","@id":"https:\/\/javiercordobaart.com\/listado-obras\/#breadcrumb","itemListElement":[{"@type":"ListItem","position":1,"name":"Portada","item":"https:\/\/javiercordobaart.com\/en\/"},{"@type":"ListItem","position":2,"name":"Listado Obras"}]},{"@type":"WebSite","@id":"https:\/\/javiercordobaart.com\/en\/#website","url":"https:\/\/javiercordobaart.com\/en\/","name":"Javier Cordoba Art","description":"Site tagline","publisher":{"@id":"https:\/\/javiercordobaart.com\/en\/#\/schema\/person\/0216d514c795459c343c775ae613428d"},"potentialAction":[{"@type":"SearchAction","target":{"@type":"EntryPoint","urlTemplate":"https:\/\/javiercordobaart.com\/en\/?s={search_term_string}"},"query-input":{"@type":"PropertyValueSpecification","valueRequired":true,"valueName":"search_term_string"}}],"inLanguage":"en-GB"},{"@type":["Person","Organization"],"@id":"https:\/\/javiercordobaart.com\/en\/#\/schema\/person\/0216d514c795459c343c775ae613428d","name":"Javier Cordoba Salto","image":{"@type":"ImageObject","inLanguage":"en-GB","@id":"https:\/\/javiercordobaart.com\/en\/#\/schema\/person\/image\/","url":"https:\/\/javiercordobaart.com\/wp-content\/uploads\/2023\/04\/cropped-9258b3_8bee9cdb916549ad8b4ce9725ddc1cac.webp","contentUrl":"https:\/\/javiercordobaart.com\/wp-content\/uploads\/2023\/04\/cropped-9258b3_8bee9cdb916549ad8b4ce9725ddc1cac.webp","width":564,"height":108,"caption":"Javier Cordoba Salto"},"logo":{"@id":"https:\/\/javiercordobaart.com\/en\/#\/schema\/person\/image\/"}}]}},"jetpack_sharing_enabled":true,"_links":{"self":[{"href":"https:\/\/javiercordobaart.com\/en\/wp-json\/wp\/v2\/pages\/582","targetHints":{"allow":["GET"]}}],"collection":[{"href":"https:\/\/javiercordobaart.com\/en\/wp-json\/wp\/v2\/pages"}],"about":[{"href":"https:\/\/javiercordobaart.com\/en\/wp-json\/wp\/v2\/types\/page"}],"author":[{"embeddable":true,"href":"https:\/\/javiercordobaart.com\/en\/wp-json\/wp\/v2\/users\/1"}],"replies":[{"embeddable":true,"href":"https:\/\/javiercordobaart.com\/en\/wp-json\/wp\/v2\/comments?post=582"}],"version-history":[{"count":0,"href":"https:\/\/javiercordobaart.com\/en\/wp-json\/wp\/v2\/pages\/582\/revisions"}],"wp:attachment":[{"href":"https:\/\/javiercordobaart.com\/en\/wp-json\/wp\/v2\/media?parent=582"}],"wp:term":[{"taxonomy":"folder","embeddable":true,"href":"https:\/\/javiercordobaart.com\/en\/wp-json\/wp\/v2\/folder?post=582"}],"curies":[{"name":"wp","href":"https:\/\/api.w.org\/{rel}","templated":true}]}}