{"id":35,"date":"2023-04-06T22:02:00","date_gmt":"2023-04-06T22:02:00","guid":{"rendered":"https:\/\/javiercordobaart.com\/?page_id=35"},"modified":"2023-08-02T15:30:16","modified_gmt":"2023-08-02T15:30:16","slug":"aviso-legal","status":"publish","type":"page","link":"https:\/\/javiercordobaart.com\/en\/aviso-legal\/","title":{"rendered":"aviso legal"},"content":{"rendered":"<div data-elementor-type=\"wp-page\" data-elementor-id=\"35\" class=\"elementor elementor-35\" data-elementor-post-type=\"page\">\n\t\t\t\t\t\t<section class=\"elementor-section elementor-top-section elementor-element elementor-element-5babe58 elementor-section-boxed elementor-section-height-default elementor-section-height-default\" data-id=\"5babe58\" data-element_type=\"section\" data-e-type=\"section\">\n\t\t\t\t\t\t<div class=\"elementor-container elementor-column-gap-default\">\n\t\t\t\t\t<div class=\"elementor-column elementor-col-100 elementor-top-column elementor-element elementor-element-f85fcde\" data-id=\"f85fcde\" data-element_type=\"column\" data-e-type=\"column\">\n\t\t\t<div class=\"elementor-widget-wrap elementor-element-populated\">\n\t\t\t\t\t\t<div class=\"elementor-element elementor-element-b4290b8 elementor-widget elementor-widget-heading\" data-id=\"b4290b8\" data-element_type=\"widget\" data-e-type=\"widget\" data-widget_type=\"heading.default\">\n\t\t\t\t<div class=\"elementor-widget-container\">\n\t\t\t\t\t<h2 class=\"elementor-heading-title elementor-size-default\">Aviso Legal<\/h2>\t\t\t\t<\/div>\n\t\t\t\t<\/div>\n\t\t\t\t<div class=\"elementor-element elementor-element-212ad2b elementor-widget elementor-widget-text-editor\" data-id=\"212ad2b\" data-element_type=\"widget\" data-e-type=\"widget\" data-widget_type=\"text-editor.default\">\n\t\t\t\t<div class=\"elementor-widget-container\">\n\t\t\t\t\t\t\t\t\t<p>En cumplimiento con el deber de informaci\u00f3n recogido en art\u00edculo 10 de la Ley 34\/2002, de 11 de julio, de Servicios de la Sociedad de la Informaci\u00f3n y del Comercio Electr\u00f3nico (LSSICE), el propietario de la web , le informa de lo siguiente:<\/p><p>Denominaci\u00f3n social (aut\u00f3nomo): Javier C\u00f3rdoba Salto <br \/>NIF: 70520238F<br \/>Domicilio: Avda. de la Paz, N\u00b073, Taranc\u00f3n (Cuenca), CP: 16400<\/p><p>Con los l\u00edmites establecidos en la ley, javiercordobaart.com no asume ninguna responsabilidad derivada de la falta de veracidad, integridad, actualizaci\u00f3n y precisi\u00f3n de los datos o informaciones que contienen sus p\u00e1ginas web.<\/p><p>Los contenidos e informaci\u00f3n no vinculan a javiercordobaart.com ni constituyen opiniones, consejos o asesoramiento legal de ning\u00fan tipo pues se trata meramente de un servicio ofrecido con car\u00e1cter informativo y divulgativo.<\/p><p>Las p\u00e1ginas de Internet de javiercordobaart.compueden contener enlaces (links) a otras p\u00e1ginas de terceras partes que javiercordobaart.com no puede controlar. Por lo tanto, javiercordobaart.com no puede asumir responsabilidades por el contenido que pueda aparecer en p\u00e1ginas de terceros.<\/p><p>Los textos, im\u00e1genes, sonidos, animaciones, software y el resto de contenidos incluidos en este website son propiedad exclusiva de javiercordobaart.com o sus licenciantes. Cualquier acto de transmisi\u00f3n, distribuci\u00f3n, cesi\u00f3n, reproducci\u00f3n, almacenamiento o comunicaci\u00f3n p\u00fablica total o parcial, deber\u00e1 contar con el consentimiento expreso de javiercordobaart.com .<\/p><p>Asimismo, para acceder a algunos de los servicios que javiercordobaart.com. ofrece a trav\u00e9s del sitio web, deber\u00e1 proporcionar algunos datos de car\u00e1cter personal. En cumplimiento de lo establecido en el Reglamento (UE) 2016\/679 del Parlamento Europeo y del Consejo, de 27 de abril de 2016, relativo a la protecci\u00f3n de las personas f\u00edsicas en lo que respecta al tratamiento de datos personales y a la libre circulaci\u00f3n de estos datos le informamos que, mediante la cumplimentaci\u00f3n de los presentes formularios, sus datos personales quedar\u00e1n incorporados y ser\u00e1n tratados en los ficheros de javiercordobaart.com con el fin de poderle prestar y ofrecer nuestros servicios as\u00ed como para informarle de las mejoras del sitio Web.<\/p><p>Le informamos tambi\u00e9n de que tendr\u00e1 la posibilidad en todo momento de ejercer los derechos de acceso, rectificaci\u00f3n, cancelaci\u00f3n, oposici\u00f3n, limitaci\u00f3n y portabilidad de sus datos de car\u00e1cter personal, de manera gratuita mediante email a: protecciondedatos@pcmancha.com o en la direcci\u00f3n: C\/ Lanzarote 11, 11406 \u2013 Jerez De La Frontera (C\u00e1diz).<\/p><p>REV: 20.3009<\/p>\t\t\t\t\t\t\t\t<\/div>\n\t\t\t\t<\/div>\n\t\t\t\t<div class=\"elementor-element elementor-element-687b841 elementor-widget__width-initial elementor-skin-carousel elementor-arrows-yes elementor-pagination-type-bullets elementor-pagination-position-outside elementor-widget elementor-widget-media-carousel\" data-id=\"687b841\" data-element_type=\"widget\" data-e-type=\"widget\" data-settings=\"{&quot;effect&quot;:&quot;fade&quot;,&quot;lazyload&quot;:&quot;yes&quot;,&quot;autoplay_speed&quot;:2000,&quot;skin&quot;:&quot;carousel&quot;,&quot;show_arrows&quot;:&quot;yes&quot;,&quot;pagination&quot;:&quot;bullets&quot;,&quot;speed&quot;:500,&quot;autoplay&quot;:&quot;yes&quot;,&quot;loop&quot;:&quot;yes&quot;,&quot;pause_on_hover&quot;:&quot;yes&quot;,&quot;pause_on_interaction&quot;:&quot;yes&quot;,&quot;space_between&quot;:{&quot;unit&quot;:&quot;px&quot;,&quot;size&quot;:10,&quot;sizes&quot;:[]},&quot;space_between_tablet&quot;:{&quot;unit&quot;:&quot;px&quot;,&quot;size&quot;:10,&quot;sizes&quot;:[]},&quot;space_between_mobile&quot;:{&quot;unit&quot;:&quot;px&quot;,&quot;size&quot;:10,&quot;sizes&quot;:[]}}\" data-widget_type=\"media-carousel.default\">\n\t\t\t\t<div class=\"elementor-widget-container\">\n\t\t\t\t\t\t\t\t\t<div class=\"elementor-swiper\">\n\t\t\t\t\t<div class=\"elementor-main-swiper swiper\" role=\"region\" aria-roledescription=\"carousel\" aria-label=\"Slides\" data-no-translation-aria-label=\"\">\n\t\t\t\t<div class=\"swiper-wrapper\">\n\t\t\t\t\t\t\t\t\t\t\t<div class=\"swiper-slide\" role=\"group\" aria-roledescription=\"slide\">\n\t\t\t\t\t\t\t<a href=\"https:\/\/javiercordobaart.com\/wp-content\/uploads\/2023\/04\/96015102_165417981522833_2107754256367300853_n.jpg\" data-elementor-open-lightbox=\"yes\" data-elementor-lightbox-slideshow=\"687b841\" data-elementor-lightbox-title=\"96015102_165417981522833_2107754256367300853_n\" data-e-action-hash=\"#elementor-action%3Aaction%3Dlightbox%26settings%3DeyJpZCI6MjgwLCJ1cmwiOiJodHRwczpcL1wvamF2aWVyY29yZG9iYWFydC5jb21cL3dwLWNvbnRlbnRcL3VwbG9hZHNcLzIwMjNcLzA0XC85NjAxNTEwMl8xNjU0MTc5ODE1MjI4MzNfMjEwNzc1NDI1NjM2NzMwMDg1M19uLmpwZyIsInNsaWRlc2hvdyI6IjY4N2I4NDEifQ%3D%3D\">\t\t<div class=\"elementor-carousel-image swiper-lazy\" role=\"img\" aria-label=\"96015102_165417981522833_2107754256367300853_n\" data-background=\"https:\/\/javiercordobaart.com\/wp-content\/uploads\/2023\/04\/96015102_165417981522833_2107754256367300853_n-768x768.jpg\">\n\n\t\t\t\t\t\t\t<div class=\"swiper-lazy-preloader\"><\/div>\n\t\t\t\n\t\t\t\t\t<\/div>\n\t\t<\/a>\t\t\t\t\t\t<\/div>\n\t\t\t\t\t\t\t\t\t\t\t<div class=\"swiper-slide\" role=\"group\" aria-roledescription=\"slide\">\n\t\t\t\t\t\t\t<a href=\"https:\/\/javiercordobaart.com\/wp-content\/uploads\/2023\/04\/81872297_2200618003575935_7236514232976777551_n.jpg\" data-elementor-open-lightbox=\"yes\" data-elementor-lightbox-slideshow=\"687b841\" data-elementor-lightbox-title=\"81872297_2200618003575935_7236514232976777551_n\" data-elementor-lightbox-description=\"Lorem ipsum dolor sit amet, consectetur adipiscing elit, sed do eiusmod tempor incididunt ut labore et dolore magna aliqua. Ut enim ad minim veniam, quis nostrud exercitation ullamco laboris\" data-e-action-hash=\"#elementor-action%3Aaction%3Dlightbox%26settings%3DeyJpZCI6Mjc3LCJ1cmwiOiJodHRwczpcL1wvamF2aWVyY29yZG9iYWFydC5jb21cL3dwLWNvbnRlbnRcL3VwbG9hZHNcLzIwMjNcLzA0XC84MTg3MjI5N18yMjAwNjE4MDAzNTc1OTM1XzcyMzY1MTQyMzI5NzY3Nzc1NTFfbi5qcGciLCJzbGlkZXNob3ciOiI2ODdiODQxIn0%3D\">\t\t<div class=\"elementor-carousel-image swiper-lazy\" role=\"img\" aria-label=\"Ut enim ad minima veniam, quis nostrum exercitationem ullam corporis suscipit laboriosam, nisi ut aliquid ex ea commodi consequatur?\" data-background=\"https:\/\/javiercordobaart.com\/wp-content\/uploads\/2023\/04\/81872297_2200618003575935_7236514232976777551_n.jpg\">\n\n\t\t\t\t\t\t\t<div class=\"swiper-lazy-preloader\"><\/div>\n\t\t\t\n\t\t\t\t\t<\/div>\n\t\t<\/a>\t\t\t\t\t\t<\/div>\n\t\t\t\t\t\t\t\t\t\t\t<div class=\"swiper-slide\" role=\"group\" aria-roledescription=\"slide\">\n\t\t\t\t\t\t\t<a href=\"https:\/\/javiercordobaart.com\/wp-content\/uploads\/2023\/04\/29416817_202145830384046_6760937092714332160_n.jpg\" data-elementor-open-lightbox=\"yes\" data-elementor-lightbox-slideshow=\"687b841\" data-elementor-lightbox-title=\"29416817_202145830384046_6760937092714332160_n\" data-elementor-lightbox-description=\"Ut enim ad minima veniam, quis nostrum exercitationem ullam corporis suscipit laboriosam, nisi ut aliquid ex ea commodi consequatur? Quis autem vel eum iure reprehenderit qui in ea voluptate velit esse quam nihil molestiae consequatur, vel illum qui dolorem eum fugiat quo voluptas nulla pariatur?\" data-e-action-hash=\"#elementor-action%3Aaction%3Dlightbox%26settings%3DeyJpZCI6Mjc2LCJ1cmwiOiJodHRwczpcL1wvamF2aWVyY29yZG9iYWFydC5jb21cL3dwLWNvbnRlbnRcL3VwbG9hZHNcLzIwMjNcLzA0XC8yOTQxNjgxN18yMDIxNDU4MzAzODQwNDZfNjc2MDkzNzA5MjcxNDMzMjE2MF9uLmpwZyIsInNsaWRlc2hvdyI6IjY4N2I4NDEifQ%3D%3D\">\t\t<div class=\"elementor-carousel-image swiper-lazy\" role=\"img\" aria-label=\"Neque porro quisquam est, qui dolorem ipsum quia dolor sit amet, consectetur, adipisci velit\" data-background=\"https:\/\/javiercordobaart.com\/wp-content\/uploads\/2023\/04\/29416817_202145830384046_6760937092714332160_n.jpg\">\n\n\t\t\t\t\t\t\t<div class=\"swiper-lazy-preloader\"><\/div>\n\t\t\t\n\t\t\t\t\t<\/div>\n\t\t<\/a>\t\t\t\t\t\t<\/div>\n\t\t\t\t\t\t\t\t\t\t\t<div class=\"swiper-slide\" role=\"group\" aria-roledescription=\"slide\">\n\t\t\t\t\t\t\t<a href=\"https:\/\/javiercordobaart.com\/wp-content\/uploads\/2023\/04\/27575857_1982506035331956_518689933183942656_n-1.jpg\" data-elementor-open-lightbox=\"yes\" data-elementor-lightbox-slideshow=\"687b841\" data-elementor-lightbox-title=\"27575857_1982506035331956_518689933183942656_n\" data-elementor-lightbox-description=\"Temporibus autem quibusdam et aut officiis debitis aut rerum necessitatibus saepe eveniet ut et voluptates repudiandae sint et molestiae non recusandae. Itaque earum rerum hic tenetur a sapiente delectus, ut aut reiciendis voluptatibus maiores alias consequatur aut perferendis doloribus asperiores repellat\" data-e-action-hash=\"#elementor-action%3Aaction%3Dlightbox%26settings%3DeyJpZCI6Mjc1LCJ1cmwiOiJodHRwczpcL1wvamF2aWVyY29yZG9iYWFydC5jb21cL3dwLWNvbnRlbnRcL3VwbG9hZHNcLzIwMjNcLzA0XC8yNzU3NTg1N18xOTgyNTA2MDM1MzMxOTU2XzUxODY4OTkzMzE4Mzk0MjY1Nl9uLTEuanBnIiwic2xpZGVzaG93IjoiNjg3Yjg0MSJ9\">\t\t<div class=\"elementor-carousel-image swiper-lazy\" role=\"img\" aria-label=\"At vero eos et accusamus et iusto odio dignissimos ducimus qui blanditiis praesentium voluptatum deleniti atque corrupti quos dolores et quas molestias excepturi sint occaecati cupiditate non provident\" data-background=\"https:\/\/javiercordobaart.com\/wp-content\/uploads\/2023\/04\/27575857_1982506035331956_518689933183942656_n-1.jpg\">\n\n\t\t\t\t\t\t\t<div class=\"swiper-lazy-preloader\"><\/div>\n\t\t\t\n\t\t\t\t\t<\/div>\n\t\t<\/a>\t\t\t\t\t\t<\/div>\n\t\t\t\t\t\t\t\t\t\t\t<div class=\"swiper-slide\" role=\"group\" aria-roledescription=\"slide\">\n\t\t\t\t\t\t\t<a href=\"https:\/\/javiercordobaart.com\/wp-content\/uploads\/2023\/04\/19985668_201115657086450_3865912097627963392_n.jpg\" data-elementor-open-lightbox=\"yes\" data-elementor-lightbox-slideshow=\"687b841\" data-elementor-lightbox-title=\"19985668_201115657086450_3865912097627963392_n\" data-e-action-hash=\"#elementor-action%3Aaction%3Dlightbox%26settings%3DeyJpZCI6MjczLCJ1cmwiOiJodHRwczpcL1wvamF2aWVyY29yZG9iYWFydC5jb21cL3dwLWNvbnRlbnRcL3VwbG9hZHNcLzIwMjNcLzA0XC8xOTk4NTY2OF8yMDExMTU2NTcwODY0NTBfMzg2NTkxMjA5NzYyNzk2MzM5Ml9uLmpwZyIsInNsaWRlc2hvdyI6IjY4N2I4NDEifQ%3D%3D\">\t\t<div class=\"elementor-carousel-image swiper-lazy\" role=\"img\" aria-label=\"Excepteur sint occaecat cupidatat non proident, sunt in culpa qui officia deserunt mollit anim id est laborum.\" data-background=\"https:\/\/javiercordobaart.com\/wp-content\/uploads\/2023\/04\/19985668_201115657086450_3865912097627963392_n.jpg\">\n\n\t\t\t\t\t\t\t<div class=\"swiper-lazy-preloader\"><\/div>\n\t\t\t\n\t\t\t\t\t<\/div>\n\t\t<\/a>\t\t\t\t\t\t<\/div>\n\t\t\t\t\t\t\t\t\t<\/div>\n\t\t\t\t\t\t\t\t\t\t\t\t\t\t\t<div class=\"elementor-swiper-button elementor-swiper-button-prev\" role=\"button\" tabindex=\"0\" aria-label=\"Previous\" data-no-translation-aria-label=\"\">\n\t\t\t\t\t\t\t<i aria-hidden=\"true\" class=\"eicon-chevron-left\"><\/i>\t\t\t\t\t\t<\/div>\n\t\t\t\t\t\t<div class=\"elementor-swiper-button elementor-swiper-button-next\" role=\"button\" tabindex=\"0\" aria-label=\"Next\" data-no-translation-aria-label=\"\">\n\t\t\t\t\t\t\t<i aria-hidden=\"true\" class=\"eicon-chevron-right\"><\/i>\t\t\t\t\t\t<\/div>\n\t\t\t\t\t\t\t\t\t\t\t\t\t\t\t\t<div class=\"swiper-pagination\"><\/div>\n\t\t\t\t\t\t\t\t\t\t\t\t<\/div>\n\t\t\t\t<\/div>\n\t\t\t\t\t\t\t\t<\/div>\n\t\t\t\t<\/div>\n\t\t\t\t\t<\/div>\n\t\t<\/div>\n\t\t\t\t\t<\/div>\n\t\t<\/section>\n\t\t\t\t<\/div>","protected":false},"excerpt":{"rendered":"<p>Aviso Legal En cumplimiento con el deber de informaci\u00f3n recogido en art\u00edculo 10 de la Ley 34\/2002, de 11 de julio, de Servicios de la Sociedad de la Informaci\u00f3n y del Comercio Electr\u00f3nico (LSSICE), el propietario de la web , le informa de lo siguiente: Denominaci\u00f3n social (aut\u00f3nomo): Javier C\u00f3rdoba Salto NIF: 70520238FDomicilio: Avda. de [&hellip;]<\/p>\n","protected":false},"author":1,"featured_media":0,"parent":0,"menu_order":0,"comment_status":"closed","ping_status":"closed","template":"elementor_header_footer","meta":{"footnotes":""},"folder":[],"class_list":["post-35","page","type-page","status-publish","hentry"],"yoast_head":"<!-- This site is optimized with the Yoast SEO plugin v27.1.1 - https:\/\/yoast.com\/product\/yoast-seo-wordpress\/ -->\n<title>aviso legal - Javier Cordoba Art<\/title>\n<meta name=\"robots\" content=\"index, follow, max-snippet:-1, max-image-preview:large, max-video-preview:-1\" \/>\n<link rel=\"canonical\" href=\"https:\/\/javiercordobaart.com\/en\/aviso-legal\/\" \/>\n<meta property=\"og:locale\" content=\"en_GB\" \/>\n<meta property=\"og:type\" content=\"article\" \/>\n<meta property=\"og:title\" content=\"aviso legal - Javier Cordoba Art\" \/>\n<meta property=\"og:description\" content=\"Aviso Legal En cumplimiento con el deber de informaci\u00f3n recogido en art\u00edculo 10 de la Ley 34\/2002, de 11 de julio, de Servicios de la Sociedad de la Informaci\u00f3n y del Comercio Electr\u00f3nico (LSSICE), el propietario de la web , le informa de lo siguiente: Denominaci\u00f3n social (aut\u00f3nomo): Javier C\u00f3rdoba Salto NIF: 70520238FDomicilio: Avda. de [&hellip;]\" \/>\n<meta property=\"og:url\" content=\"https:\/\/javiercordobaart.com\/en\/aviso-legal\/\" \/>\n<meta property=\"og:site_name\" content=\"Javier Cordoba Art\" \/>\n<meta property=\"article:modified_time\" content=\"2023-08-02T15:30:16+00:00\" \/>\n<meta name=\"twitter:card\" content=\"summary_large_image\" \/>\n<meta name=\"twitter:label1\" content=\"Estimated reading time\" \/>\n\t<meta name=\"twitter:data1\" content=\"2 minutes\" \/>\n<script type=\"application\/ld+json\" class=\"yoast-schema-graph\">{\"@context\":\"https:\/\/schema.org\",\"@graph\":[{\"@type\":\"WebPage\",\"@id\":\"https:\/\/javiercordobaart.com\/aviso-legal\/\",\"url\":\"https:\/\/javiercordobaart.com\/aviso-legal\/\",\"name\":\"aviso legal - Javier Cordoba Art\",\"isPartOf\":{\"@id\":\"https:\/\/javiercordobaart.com\/en\/#website\"},\"datePublished\":\"2023-04-06T22:02:00+00:00\",\"dateModified\":\"2023-08-02T15:30:16+00:00\",\"breadcrumb\":{\"@id\":\"https:\/\/javiercordobaart.com\/aviso-legal\/#breadcrumb\"},\"inLanguage\":\"en-GB\",\"potentialAction\":[{\"@type\":\"ReadAction\",\"target\":[\"https:\/\/javiercordobaart.com\/aviso-legal\/\"]}]},{\"@type\":\"BreadcrumbList\",\"@id\":\"https:\/\/javiercordobaart.com\/aviso-legal\/#breadcrumb\",\"itemListElement\":[{\"@type\":\"ListItem\",\"position\":1,\"name\":\"Portada\",\"item\":\"https:\/\/javiercordobaart.com\/en\/\"},{\"@type\":\"ListItem\",\"position\":2,\"name\":\"aviso legal\"}]},{\"@type\":\"WebSite\",\"@id\":\"https:\/\/javiercordobaart.com\/en\/#website\",\"url\":\"https:\/\/javiercordobaart.com\/en\/\",\"name\":\"Javier Cordoba Art\",\"description\":\"Site tagline\",\"publisher\":{\"@id\":\"https:\/\/javiercordobaart.com\/en\/#\/schema\/person\/0216d514c795459c343c775ae613428d\"},\"potentialAction\":[{\"@type\":\"SearchAction\",\"target\":{\"@type\":\"EntryPoint\",\"urlTemplate\":\"https:\/\/javiercordobaart.com\/en\/?s={search_term_string}\"},\"query-input\":{\"@type\":\"PropertyValueSpecification\",\"valueRequired\":true,\"valueName\":\"search_term_string\"}}],\"inLanguage\":\"en-GB\"},{\"@type\":[\"Person\",\"Organization\"],\"@id\":\"https:\/\/javiercordobaart.com\/en\/#\/schema\/person\/0216d514c795459c343c775ae613428d\",\"name\":\"Javier Cordoba Salto\",\"image\":{\"@type\":\"ImageObject\",\"inLanguage\":\"en-GB\",\"@id\":\"https:\/\/javiercordobaart.com\/en\/#\/schema\/person\/image\/\",\"url\":\"https:\/\/javiercordobaart.com\/wp-content\/uploads\/2023\/04\/cropped-9258b3_8bee9cdb916549ad8b4ce9725ddc1cac.webp\",\"contentUrl\":\"https:\/\/javiercordobaart.com\/wp-content\/uploads\/2023\/04\/cropped-9258b3_8bee9cdb916549ad8b4ce9725ddc1cac.webp\",\"width\":564,\"height\":108,\"caption\":\"Javier Cordoba Salto\"},\"logo\":{\"@id\":\"https:\/\/javiercordobaart.com\/en\/#\/schema\/person\/image\/\"}}]}<\/script>\n<!-- \/ Yoast SEO plugin. -->","yoast_head_json":{"title":"aviso legal - Javier Cordoba Art","robots":{"index":"index","follow":"follow","max-snippet":"max-snippet:-1","max-image-preview":"max-image-preview:large","max-video-preview":"max-video-preview:-1"},"canonical":"https:\/\/javiercordobaart.com\/en\/aviso-legal\/","og_locale":"en_GB","og_type":"article","og_title":"aviso legal - Javier Cordoba Art","og_description":"Aviso Legal En cumplimiento con el deber de informaci\u00f3n recogido en art\u00edculo 10 de la Ley 34\/2002, de 11 de julio, de Servicios de la Sociedad de la Informaci\u00f3n y del Comercio Electr\u00f3nico (LSSICE), el propietario de la web , le informa de lo siguiente: Denominaci\u00f3n social (aut\u00f3nomo): Javier C\u00f3rdoba Salto NIF: 70520238FDomicilio: Avda. de [&hellip;]","og_url":"https:\/\/javiercordobaart.com\/en\/aviso-legal\/","og_site_name":"Javier Cordoba Art","article_modified_time":"2023-08-02T15:30:16+00:00","twitter_card":"summary_large_image","twitter_misc":{"Estimated reading time":"2 minutes"},"schema":{"@context":"https:\/\/schema.org","@graph":[{"@type":"WebPage","@id":"https:\/\/javiercordobaart.com\/aviso-legal\/","url":"https:\/\/javiercordobaart.com\/aviso-legal\/","name":"aviso legal - Javier Cordoba Art","isPartOf":{"@id":"https:\/\/javiercordobaart.com\/en\/#website"},"datePublished":"2023-04-06T22:02:00+00:00","dateModified":"2023-08-02T15:30:16+00:00","breadcrumb":{"@id":"https:\/\/javiercordobaart.com\/aviso-legal\/#breadcrumb"},"inLanguage":"en-GB","potentialAction":[{"@type":"ReadAction","target":["https:\/\/javiercordobaart.com\/aviso-legal\/"]}]},{"@type":"BreadcrumbList","@id":"https:\/\/javiercordobaart.com\/aviso-legal\/#breadcrumb","itemListElement":[{"@type":"ListItem","position":1,"name":"Portada","item":"https:\/\/javiercordobaart.com\/en\/"},{"@type":"ListItem","position":2,"name":"aviso legal"}]},{"@type":"WebSite","@id":"https:\/\/javiercordobaart.com\/en\/#website","url":"https:\/\/javiercordobaart.com\/en\/","name":"Javier Cordoba Art","description":"Site tagline","publisher":{"@id":"https:\/\/javiercordobaart.com\/en\/#\/schema\/person\/0216d514c795459c343c775ae613428d"},"potentialAction":[{"@type":"SearchAction","target":{"@type":"EntryPoint","urlTemplate":"https:\/\/javiercordobaart.com\/en\/?s={search_term_string}"},"query-input":{"@type":"PropertyValueSpecification","valueRequired":true,"valueName":"search_term_string"}}],"inLanguage":"en-GB"},{"@type":["Person","Organization"],"@id":"https:\/\/javiercordobaart.com\/en\/#\/schema\/person\/0216d514c795459c343c775ae613428d","name":"Javier Cordoba Salto","image":{"@type":"ImageObject","inLanguage":"en-GB","@id":"https:\/\/javiercordobaart.com\/en\/#\/schema\/person\/image\/","url":"https:\/\/javiercordobaart.com\/wp-content\/uploads\/2023\/04\/cropped-9258b3_8bee9cdb916549ad8b4ce9725ddc1cac.webp","contentUrl":"https:\/\/javiercordobaart.com\/wp-content\/uploads\/2023\/04\/cropped-9258b3_8bee9cdb916549ad8b4ce9725ddc1cac.webp","width":564,"height":108,"caption":"Javier Cordoba Salto"},"logo":{"@id":"https:\/\/javiercordobaart.com\/en\/#\/schema\/person\/image\/"}}]}},"jetpack_sharing_enabled":true,"_links":{"self":[{"href":"https:\/\/javiercordobaart.com\/en\/wp-json\/wp\/v2\/pages\/35","targetHints":{"allow":["GET"]}}],"collection":[{"href":"https:\/\/javiercordobaart.com\/en\/wp-json\/wp\/v2\/pages"}],"about":[{"href":"https:\/\/javiercordobaart.com\/en\/wp-json\/wp\/v2\/types\/page"}],"author":[{"embeddable":true,"href":"https:\/\/javiercordobaart.com\/en\/wp-json\/wp\/v2\/users\/1"}],"replies":[{"embeddable":true,"href":"https:\/\/javiercordobaart.com\/en\/wp-json\/wp\/v2\/comments?post=35"}],"version-history":[{"count":0,"href":"https:\/\/javiercordobaart.com\/en\/wp-json\/wp\/v2\/pages\/35\/revisions"}],"wp:attachment":[{"href":"https:\/\/javiercordobaart.com\/en\/wp-json\/wp\/v2\/media?parent=35"}],"wp:term":[{"taxonomy":"folder","embeddable":true,"href":"https:\/\/javiercordobaart.com\/en\/wp-json\/wp\/v2\/folder?post=35"}],"curies":[{"name":"wp","href":"https:\/\/api.w.org\/{rel}","templated":true}]}}